{"id":7650,"date":"2024-12-23T12:23:29","date_gmt":"2024-12-23T12:23:29","guid":{"rendered":"https:\/\/prolinechauffeurs.com\/?page_id=7650"},"modified":"2025-02-26T02:50:27","modified_gmt":"2025-02-26T02:50:27","slug":"terms-conditions","status":"publish","type":"page","link":"https:\/\/prolinechauffeurs.com\/fr\/terms-conditions\/","title":{"rendered":"Conditions g\u00e9n\u00e9rales"},"content":{"rendered":"<div data-elementor-type=\"wp-page\" data-elementor-id=\"7650\" class=\"elementor elementor-7650\">\n\t\t\t\t<div class=\"elementor-element elementor-element-6c8f13dd e-flex e-con-boxed e-con e-parent\" data-id=\"6c8f13dd\" data-element_type=\"container\" data-e-type=\"container\" data-settings=\"{&quot;background_background&quot;:&quot;classic&quot;}\">\n\t\t\t\t\t<div class=\"e-con-inner\">\n\t\t\t\t<div class=\"elementor-element elementor-element-79d0ae4 elementor-widget elementor-widget-text-editor\" data-id=\"79d0ae4\" data-element_type=\"widget\" data-e-type=\"widget\" data-widget_type=\"text-editor.default\">\n\t\t\t\t<div class=\"elementor-widget-container\">\n\t\t\t\t\t\t\t\t\t<p>Ces\u00a0<b>Termes et conditions<\/b> (\u00ab Contrat \u00bb) r\u00e9git votre utilisation du site Web prolinechauffeurs.com (\u00ab Site Web \u00bb). En acc\u00e9dant au site Web ou en l&#039;utilisant, vous acceptez d&#039;\u00eatre li\u00e9 par le pr\u00e9sent Contrat. Si vous n&#039;acceptez pas le pr\u00e9sent Contrat, vous ne pouvez pas acc\u00e9der au site Web ni l&#039;utiliser.<\/p><p><strong>Services<\/strong><\/p><p>Nous proposons des services de r\u00e9servation de taxi via notre site Web. Vous pouvez utiliser nos services pour r\u00e9server un taxi pour vous-m\u00eame ou pour une autre personne.<\/p><p><strong>Compte utilisateur<\/strong><\/p><p>Pour utiliser nos services, vous devez cr\u00e9er un compte sur notre site Web. Vous \u00eates responsable du maintien de la confidentialit\u00e9 des informations de votre compte, y compris de votre nom d&#039;utilisateur et de votre mot de passe. Vous acceptez de nous informer imm\u00e9diatement de toute utilisation non autoris\u00e9e de votre compte.<\/p><p><strong>R\u00e9servation<\/strong><\/p><p>Vous pouvez r\u00e9server un taxi via notre site Web en indiquant votre lieu de prise en charge et de d\u00e9pose, l&#039;heure et la date. Vous devez fournir des informations exactes et compl\u00e8tes lors de la r\u00e9servation. Nous pouvons annuler votre r\u00e9servation si nous d\u00e9terminons que vos informations sont inexactes ou incompl\u00e8tes.<\/p><p><b>Paiement<\/b><\/p><p>Vous devez payer le service de taxi au moment de la r\u00e9servation. Nous acceptons les paiements par carte de cr\u00e9dit et carte de d\u00e9bit. Vous devez fournir des informations de paiement exactes et compl\u00e8tes lors de la r\u00e9servation. Nous pouvons annuler votre r\u00e9servation si nous ne sommes pas en mesure de traiter votre paiement.<\/p><p><strong>Annulation et remboursements<\/strong><\/p><p>Vous pouvez annuler votre r\u00e9servation jusqu&#039;\u00e0 24 heures avant l&#039;heure de prise en charge. Nous vous rembourserons votre paiement si vous annulez dans ce d\u00e9lai. Si vous annulez moins de 24 heures avant l&#039;heure de prise en charge, nous pouvons facturer des frais d&#039;annulation. Nous pouvons \u00e9galement facturer des frais d&#039;annulation si vous ne vous pr\u00e9sentez pas \u00e0 votre r\u00e9servation.<\/p><p><strong>Propri\u00e9t\u00e9 intellectuelle<\/strong><\/p><p>Le site Web et l&#039;int\u00e9gralit\u00e9 de son contenu, de ses caract\u00e9ristiques et de ses fonctionnalit\u00e9s (y compris, mais sans s&#039;y limiter, toutes les informations, logiciels, textes, affichages, images, vid\u00e9os et audios, ainsi que la conception, la s\u00e9lection et l&#039;agencement de ceux-ci) sont notre propri\u00e9t\u00e9, celle de nos conc\u00e9dants de licence ou d&#039;autres fournisseurs de ce mat\u00e9riel et sont prot\u00e9g\u00e9s par les lois britanniques et internationales sur le droit d&#039;auteur, les marques d\u00e9pos\u00e9es, les brevets, les secrets commerciaux et autres droits de propri\u00e9t\u00e9 intellectuelle ou de propri\u00e9t\u00e9.<\/p><p><strong>Exclusion de garanties<\/strong><\/p><p>Nous ne garantissons pas que le site Web ou nos services seront ininterrompus ou exempts d&#039;erreurs. Nous fournissons nos services \u00ab tels quels \u00bb et \u00ab selon disponibilit\u00e9 \u00bb, sans aucune garantie d&#039;aucune sorte.<\/p><p><strong>Limitation de responsabilit\u00e9<\/strong><\/p><p>En aucun cas, nous ne serons responsables de dommages indirects, accessoires, sp\u00e9ciaux, punitifs ou cons\u00e9cutifs d\u00e9coulant de ou en relation avec votre utilisation du site Web ou de nos services, y compris, mais sans s&#039;y limiter, la perte de profits, la perte de donn\u00e9es ou l&#039;interruption d&#039;activit\u00e9.<\/p><p><strong>Indemnit\u00e9<\/strong><\/p><p>Vous acceptez de nous indemniser et de nous d\u00e9gager de toute responsabilit\u00e9, ainsi que nos soci\u00e9t\u00e9s affili\u00e9es, dirigeants, agents et employ\u00e9s, contre toute r\u00e9clamation ou demande, y compris les honoraires raisonnables d&#039;avocat, faite par un tiers en raison ou d\u00e9coulant de votre violation du pr\u00e9sent Contrat ou de votre violation de toute loi ou des droits d&#039;un tiers.<\/p><p><strong>Terminaison<\/strong><\/p><p>Nous pouvons r\u00e9silier votre compte et votre acc\u00e8s au site Web \u00e0 tout moment, pour quelque raison que ce soit ou sans raison, sans pr\u00e9avis ni responsabilit\u00e9 envers vous.<\/p><p><strong>Loi applicable et juridiction comp\u00e9tente<\/strong><\/p><p>Le pr\u00e9sent Contrat sera r\u00e9gi et interpr\u00e9t\u00e9 conform\u00e9ment aux lois du Royaume-Uni, sans donner effet \u00e0 aucun principe de conflit de lois. Toute action en justice, poursuite ou proc\u00e9dure d\u00e9coulant du pr\u00e9sent Contrat ou du Site Web ou en rapport avec ceux-ci sera port\u00e9e exclusivement devant les tribunaux du Royaume-Uni.<\/p><p><strong>Modifications apport\u00e9es au pr\u00e9sent accord<\/strong><\/p><p>Nous pouvons modifier le pr\u00e9sent Contrat \u00e0 tout moment, et la version r\u00e9vis\u00e9e entrera en vigueur d\u00e8s sa publication sur le site Web. Nous vous encourageons \u00e0 consulter r\u00e9guli\u00e8rement le pr\u00e9sent Contrat.<\/p><p><strong>Contactez-nous<\/strong><\/p><p>Si vous avez des questions ou des pr\u00e9occupations concernant cet accord ou nos services, veuillez nous contacter \u00e0 info@prolinechauffeurs.com<\/p><p><strong>Date d&#039;entr\u00e9e en vigueur<\/strong><\/p><p>Cet accord a \u00e9t\u00e9 mis \u00e0 jour pour la derni\u00e8re fois le 20 ao\u00fbt 2023.<\/p>\t\t\t\t\t\t\t\t<\/div>\n\t\t\t\t<\/div>\n\t\t\t\t\t<\/div>\n\t\t\t\t<\/div>\n\t\t\t\t<\/div>","protected":false},"excerpt":{"rendered":"<p>These\u00a0Terms and Conditions (\u201cAgreement\u201d) govern your use of the prolinechauffeurs.com website (\u201cWebsite\u201d). By accessing or using the Website, you agree to be bound by this Agreement. If you do not agree to this Agreement, you may not access or use the Website. Services We provide taxi booking services through our Website. You may use our [&hellip;]<\/p>\n","protected":false},"author":1,"featured_media":0,"parent":0,"menu_order":0,"comment_status":"closed","ping_status":"open","template":"elementor_header_footer","meta":{"footnotes":""},"class_list":["post-7650","page","type-page","status-publish","hentry"],"_links":{"self":[{"href":"https:\/\/prolinechauffeurs.com\/fr\/wp-json\/wp\/v2\/pages\/7650","targetHints":{"allow":["GET"]}}],"collection":[{"href":"https:\/\/prolinechauffeurs.com\/fr\/wp-json\/wp\/v2\/pages"}],"about":[{"href":"https:\/\/prolinechauffeurs.com\/fr\/wp-json\/wp\/v2\/types\/page"}],"author":[{"embeddable":true,"href":"https:\/\/prolinechauffeurs.com\/fr\/wp-json\/wp\/v2\/users\/1"}],"replies":[{"embeddable":true,"href":"https:\/\/prolinechauffeurs.com\/fr\/wp-json\/wp\/v2\/comments?post=7650"}],"version-history":[{"count":7,"href":"https:\/\/prolinechauffeurs.com\/fr\/wp-json\/wp\/v2\/pages\/7650\/revisions"}],"predecessor-version":[{"id":8433,"href":"https:\/\/prolinechauffeurs.com\/fr\/wp-json\/wp\/v2\/pages\/7650\/revisions\/8433"}],"wp:attachment":[{"href":"https:\/\/prolinechauffeurs.com\/fr\/wp-json\/wp\/v2\/media?parent=7650"}],"curies":[{"name":"wp","href":"https:\/\/api.w.org\/{rel}","templated":true}]}}